{"id":154,"date":"2025-07-08T19:51:11","date_gmt":"2025-07-08T22:51:11","guid":{"rendered":"http:\/\/www.dr-eza.cl\/?page_id=154"},"modified":"2025-09-11T21:01:38","modified_gmt":"2025-09-12T00:01:38","slug":"graduados","status":"publish","type":"page","link":"http:\/\/www.dr-eza.cl\/?page_id=154","title":{"rendered":"Graduados"},"content":{"rendered":"\n<p><\/p>\n\n\n\n<h2 class=\"wp-block-heading\">Perfil de egresado<\/h2>\n\n\n\n<p>Los egresados del programa de Doctorado en Ciencias Biol\u00f3gicas, menci\u00f3n Ecolog\u00eda de Zonas \u00c1ridas, ser\u00e1n investigadores vers\u00e1tiles, aut\u00f3nomos y capaces de analizar e integrar las disciplinas biol\u00f3gicas, con un profundo manejo conceptual de la ecolog\u00eda tanto a nivel de individuo, poblaci\u00f3n, o comunidad, con especializaci\u00f3n en el \u00e1mbito de las zonas \u00e1ridas. Estos doctores podr\u00e1n abordar de manera creativa y rigurosa el estudio integral del ecosistema \u00e1rido y el dise\u00f1o de estrategias para su conservaci\u00f3n y uso sustentable.<\/p>\n\n\n\n<div class=\"wp-block-group is-content-justification-center is-nowrap is-layout-flex wp-container-core-group-is-layout-23441af8 wp-block-group-is-layout-flex\">\n<hr class=\"wp-block-separator has-alpha-channel-opacity\"\/>\n\n\n\n<p><strong>2025<\/strong> <\/p>\n\n\n\n<hr class=\"wp-block-separator has-alpha-channel-opacity\"\/>\n<\/div>\n\n\n\n<div class=\"wp-block-media-text is-stacked-on-mobile\" style=\"grid-template-columns:15% auto\"><figure class=\"wp-block-media-text__media\"><img loading=\"lazy\" decoding=\"async\" width=\"197\" height=\"202\" src=\"http:\/\/www.dr-eza.cl\/wp-content\/uploads\/2025\/07\/mariangeles_petit.fw_.png\" alt=\"\" class=\"wp-image-57 size-full\"\/><\/figure><div class=\"wp-block-media-text__content\">\n<p><strong>Dra Mari\u00e1ngeles Alicia Petit Estrella<\/strong><br>Tesis: Patrones y factores subyacentes de la distribuci\u00f3n y del riesgo de extinci\u00f3n de especies de aves en las zonas \u00e1ridas<br><\/p>\n\n\n\n<details class=\"wp-block-details is-layout-flow wp-block-details-is-layout-flow\"><summary><img decoding=\"async\" src=\"http:\/\/www.dr-eza.cl\/wp-content\/uploads\/2025\/08\/papers02.png\" alt=\"\"> Publicaciones<\/summary>\n<p><strong>Petit M<\/strong>, Sayol F, Weideman C, Bertin A (2025) Aridity Niche and Species Traits Mediate the Global Vulnerability of Passerine Birds. Global Change Biology, 31: e70278.&nbsp;<a href=\"https:\/\/doi.org\/10.1111\/gcb.70278\" target=\"_blank\" rel=\"noreferrer noopener\">https:\/\/doi.org\/10.1111\/gcb.70278<\/a><\/p>\n\n\n\n<p><strong>Petit M<\/strong>, Celis C, Weideman C, Gouin N, Bertin A (2023) Effects of land cover and habitat condition on the bird community along a gradient of agricultural development within an arid watershed of Chile.\u00a0Agriculture, Ecosystems and Environment, 108635.\u00a0<a href=\"https:\/\/doi.org\/10.1016\/j.agee.2023.108635\" target=\"_blank\" rel=\"noreferrer noopener\">https:\/\/doi.org\/10.1016\/j.agee.2023.108635<\/a>.<\/p>\n<\/details>\n<\/div><\/div>\n\n\n\n<hr class=\"wp-block-separator aligncenter has-alpha-channel-opacity\"\/>\n\n\n\n<div class=\"wp-block-media-text is-stacked-on-mobile\" style=\"grid-template-columns:15% auto\"><figure class=\"wp-block-media-text__media\"><img loading=\"lazy\" decoding=\"async\" width=\"197\" height=\"202\" src=\"http:\/\/www.dr-eza.cl\/wp-content\/uploads\/2025\/07\/jeison_barraza.fw_.png\" alt=\"\" class=\"wp-image-55 size-full\"\/><\/figure><div class=\"wp-block-media-text__content\">\n<p><strong>Dr Jeison Barraza<\/strong><br>Tesis: Din\u00e1micas de nicho a escala evolutiva como determinantes de la estructura biogeogr\u00e1fica de escorpiones sudamericanos<\/p>\n\n\n\n<details class=\"wp-block-details is-layout-flow wp-block-details-is-layout-flow\"><summary><img decoding=\"async\" src=\"http:\/\/www.dr-eza.cl\/wp-content\/uploads\/2025\/08\/papers02.png\" alt=\"\"> Publicaciones<\/summary>\n<p><strong>Barraza JM<\/strong>, Avaria-Llautureo J, Rivadeneira MM (2025) Spatial connectivity through mountains and deserts drove South American scorpions dispersal. Journal of Biogeography, 52: 245-256.&nbsp;<a href=\"https:\/\/doi.org\/10.1111\/jbi.15030\" target=\"_blank\" rel=\"noreferrer noopener\">https:\/\/doi.org\/10.1111\/jbi.15030<\/a><\/p>\n<\/details>\n<\/div><\/div>\n\n\n\n<div class=\"wp-block-group is-content-justification-center is-nowrap is-layout-flex wp-container-core-group-is-layout-23441af8 wp-block-group-is-layout-flex\">\n<hr class=\"wp-block-separator has-alpha-channel-opacity\"\/>\n\n\n\n<p><strong>2024<\/strong> <\/p>\n\n\n\n<hr class=\"wp-block-separator has-alpha-channel-opacity\"\/>\n<\/div>\n\n\n\n<div class=\"wp-block-media-text is-stacked-on-mobile\" style=\"grid-template-columns:15% auto\"><figure class=\"wp-block-media-text__media\"><img loading=\"lazy\" decoding=\"async\" width=\"197\" height=\"202\" src=\"http:\/\/www.dr-eza.cl\/wp-content\/uploads\/2025\/07\/rosa_ramirez.jpg\" alt=\"\" class=\"wp-image-60 size-full\"\/><\/figure><div class=\"wp-block-media-text__content\">\n<p><strong>Dra. Rosa Mar\u00eda Ram\u00edrez Castillo<\/strong><br>Tesis: Relaci\u00f3n entre aridez y la estrategia reproductiva y la ploid\u00eda en helechos de la familia&nbsp;<em>Pteridaceae<\/em><\/p>\n\n\n\n<details class=\"wp-block-details is-layout-flow wp-block-details-is-layout-flow\"><summary><img decoding=\"async\" src=\"http:\/\/www.dr-eza.cl\/wp-content\/uploads\/2025\/08\/papers02.png\" alt=\"\"> Publicaciones<\/summary>\n<p><strong>Ramirez-Castillo R<\/strong>, Palma-Rojas C, Seguel PJ, Grusz AL, Araya-Jaime C (2024) Unfurling an improved method for visualizing mitotic chromosomes in ferns. Applications in Plant Sciences, 12: e11588. <a href=\"https:\/\/doi.org\/10.1002\/aps3.11588\">https:\/\/doi.org\/10.1002\/aps3.11588<\/a><\/p>\n<\/details>\n<\/div><\/div>\n\n\n\n<hr class=\"wp-block-separator aligncenter has-alpha-channel-opacity\"\/>\n\n\n\n<div class=\"wp-block-media-text is-stacked-on-mobile\" style=\"grid-template-columns:15% auto\"><figure class=\"wp-block-media-text__media\"><img loading=\"lazy\" decoding=\"async\" width=\"512\" height=\"512\" src=\"http:\/\/www.dr-eza.cl\/wp-content\/uploads\/2025\/07\/cropped-logo_eza.jpg\" alt=\"\" class=\"wp-image-20 size-full\" srcset=\"http:\/\/www.dr-eza.cl\/wp-content\/uploads\/2025\/07\/cropped-logo_eza.jpg 512w, http:\/\/www.dr-eza.cl\/wp-content\/uploads\/2025\/07\/cropped-logo_eza-300x300.jpg 300w, http:\/\/www.dr-eza.cl\/wp-content\/uploads\/2025\/07\/cropped-logo_eza-150x150.jpg 150w, http:\/\/www.dr-eza.cl\/wp-content\/uploads\/2025\/07\/cropped-logo_eza-270x270.jpg 270w, http:\/\/www.dr-eza.cl\/wp-content\/uploads\/2025\/07\/cropped-logo_eza-192x192.jpg 192w, http:\/\/www.dr-eza.cl\/wp-content\/uploads\/2025\/07\/cropped-logo_eza-180x180.jpg 180w, http:\/\/www.dr-eza.cl\/wp-content\/uploads\/2025\/07\/cropped-logo_eza-32x32.jpg 32w\" sizes=\"auto, (max-width: 512px) 100vw, 512px\" \/><\/figure><div class=\"wp-block-media-text__content\">\n<p><strong>Dr. Oliver Mauricio Ocampo<\/strong><br>Tesis: Macroevoluci\u00f3n y macroecolog\u00eda de la dieta en lagartos de la familia Liolaemidae<\/p>\n\n\n\n<details class=\"wp-block-details is-layout-flow wp-block-details-is-layout-flow\"><summary><img decoding=\"async\" src=\"http:\/\/www.dr-eza.cl\/wp-content\/uploads\/2025\/08\/papers02.png\" alt=\"\"> Publicaciones<\/summary>\n<p><strong>Ocampo M<\/strong>, Pincheira-Donoso D, Rios RS (2024) Patterns of morphological diversification are influenced by dietary evolution in a highly species-rich lizard radiation. Frontiers in Ecology and Evolution, 12: 1361799. <a href=\"https:\/\/doi.org\/10.3389\/fevo.2024.1361799\">https:\/\/doi.org\/10.3389\/fevo.2024.1361799<\/a><\/p>\n\n\n\n<p><strong>Ocampo M<\/strong>, Pincheira-Donoso D, Sayol F, Rios RS (2022) Evolutionary transitions in diet influence the exceptional diversification of a lizard adaptive radiation. BMC Ecology and Evolution, 22: 74. https:\/\/doi.org\/10.1186\/s12862-022-02028-3<\/p>\n<\/details>\n<\/div><\/div>\n\n\n\n<div class=\"wp-block-group is-content-justification-center is-nowrap is-layout-flex wp-container-core-group-is-layout-23441af8 wp-block-group-is-layout-flex\">\n<hr class=\"wp-block-separator has-alpha-channel-opacity\"\/>\n\n\n\n<p><strong>2023<\/strong> <\/p>\n\n\n\n<hr class=\"wp-block-separator has-alpha-channel-opacity\"\/>\n<\/div>\n\n\n\n<div class=\"wp-block-media-text is-stacked-on-mobile\" style=\"grid-template-columns:15% auto\"><figure class=\"wp-block-media-text__media\"><img loading=\"lazy\" decoding=\"async\" width=\"200\" height=\"202\" src=\"http:\/\/www.dr-eza.cl\/wp-content\/uploads\/2025\/07\/a_lozada.png\" alt=\"\" class=\"wp-image-218 size-full\"\/><\/figure><div class=\"wp-block-media-text__content\">\n<p><strong>Dra Adriana Lozada<\/strong><br>Tesis: Tesis: Influencia de caracter\u00edsticas del paisaje sobre \u00edndices de biodiversidad y sus componentes de autocorrelaci\u00f3n espacial<\/p>\n\n\n\n<details class=\"wp-block-details is-layout-flow wp-block-details-is-layout-flow\"><summary><img decoding=\"async\" src=\"http:\/\/www.dr-eza.cl\/wp-content\/uploads\/2025\/08\/papers02.png\" alt=\"\"> Publicaciones<\/summary>\n<p><strong>Lozada A<\/strong>, Day C, Landguth E, Bertin A (2023) Simulation\u2011based insights into community uniqueness within fragmented landscapes. Landscape Ecology, 38: 2533-2546.&nbsp;<a href=\"https:\/\/doi.org\/10.1007\/s10980-023-01735-6\">https:\/\/doi.org\/10.1007\/s10980-023-01735-6<\/a><\/p>\n\n\n\n<p><strong>Lozada A<\/strong>, Bertin A (2022) Spatial autocorrelation signatures of ecological determinants on plant community characteristics in high Andean wetlands. Scientific Reports, 12: 13770.&nbsp;<a href=\"https:\/\/doi.org\/10.1038\/s41598-022-18132-9\" target=\"_blank\" rel=\"noreferrer noopener\">https:\/\/doi.org\/10.1038\/s41598-022-18132-9<\/a><\/p>\n<\/details>\n<\/div><\/div>\n\n\n\n<div class=\"wp-block-group is-content-justification-center is-nowrap is-layout-flex wp-container-core-group-is-layout-23441af8 wp-block-group-is-layout-flex\">\n<hr class=\"wp-block-separator has-alpha-channel-opacity\"\/>\n\n\n\n<p><strong>2022<\/strong> <\/p>\n\n\n\n<hr class=\"wp-block-separator has-alpha-channel-opacity\"\/>\n<\/div>\n\n\n\n<div class=\"wp-block-media-text is-stacked-on-mobile\" style=\"grid-template-columns:15% auto\"><figure class=\"wp-block-media-text__media\"><img loading=\"lazy\" decoding=\"async\" width=\"197\" height=\"202\" src=\"http:\/\/www.dr-eza.cl\/wp-content\/uploads\/2025\/08\/p_guerra-01.png\" alt=\"\" class=\"wp-image-252 size-full\"\/><\/figure><div class=\"wp-block-media-text__content\">\n<p><strong>Dra. Patricia Guerra<\/strong><br>Tesis: Consecuencias de los efectos bottom-up iniciados indirectamente por una planta par\u00e1sita en la comunidad de artr\u00f3podos asociados al quisco en una zona semi\u00e1rida de Chile<\/p>\n\n\n\n<details class=\"wp-block-details is-layout-flow wp-block-details-is-layout-flow\"><summary><img decoding=\"async\" src=\"http:\/\/www.dr-eza.cl\/wp-content\/uploads\/2025\/08\/papers02.png\" alt=\"\"> Publicaciones<\/summary>\n<p>Pi\u00f1ones-Tapia D, <strong>Guerra PC<\/strong>, Touret A, Guti\u00e9rrez GO, Pizzaro-Araya J, Gianoli E (2025) Effects of water availability on floral traits and pollinators in a columnar cactus endemic to the Atacama Desert, Chile.&nbsp;Journal of Plant Research.&nbsp;<a href=\"https:\/\/doi.org\/10.1007\/s10265-025-01655-3\" target=\"_blank\" rel=\"noreferrer noopener\">https:\/\/doi.org\/10.1007\/s10265-025-01655-3<\/a><\/p>\n\n\n\n<p><strong>Guerra PC<\/strong>, Escobedo VM, Gianoli E (2024) Mistletoes benefit from initiating cascading effects in a cactus\u2013stem borers\u2013arthropods system: a positive feedback. Ecological Entomology, 50. <a href=\"https:\/\/doi.org\/10.1111\/een.13371\">https:\/\/doi.org\/10.1111\/een.13371<\/a><\/p>\n\n\n\n<p><strong>Guerra PC<\/strong>, Gutierrez GO, Pizarro-Araya J, Escobedo VM, Gianoli E (2023) Brood chambers of a stem borer beetle modify arthropod functional diversity on its cactus host. Arthropod-Plant interactions, 17: 51-64.&nbsp;&nbsp;https:\/\/doi.org\/10.1007\/s11829-022-09930-z<\/p>\n\n\n\n<p><strong>Guerra PC<\/strong>, Escobedo VM, Gutierrez GO, Gianoli E (2022) Mistletoe infection changes arthropod community on its cactus host through indirect effects. Insect Conservation and Diversity, 15: 288-298.&nbsp;<a href=\"https:\/\/doi.org\/10.1111\/icad.12548\">https:\/\/doi.org\/10.1111\/icad.12548<\/a><\/p>\n<\/details>\n<\/div><\/div>\n\n\n\n<hr class=\"wp-block-separator aligncenter has-alpha-channel-opacity\"\/>\n\n\n\n<div class=\"wp-block-media-text is-stacked-on-mobile\" style=\"grid-template-columns:15% auto\"><figure class=\"wp-block-media-text__media\"><img loading=\"lazy\" decoding=\"async\" width=\"150\" height=\"154\" src=\"http:\/\/www.dr-eza.cl\/wp-content\/uploads\/2025\/08\/m_cisternas.jpg\" alt=\"\" class=\"wp-image-254 size-full\"\/><\/figure><div class=\"wp-block-media-text__content\">\n<p><strong>Dra. M\u00f3nica Cisternas<\/strong><br>Tesis: Gregarismo larval en Papilionidae (Lepidoptera): potencial adaptativo en&nbsp;<em>Battus Polydamas Archidamas<\/em>&nbsp;y patr\u00f3n macroecol\u00f3gico de distribuci\u00f3n de especies<\/p>\n\n\n\n<details class=\"wp-block-details is-layout-flow wp-block-details-is-layout-flow\"><summary><img decoding=\"async\" src=\"http:\/\/www.dr-eza.cl\/wp-content\/uploads\/2025\/08\/papers02.png\" alt=\"\"> Publicaciones<\/summary>\n<p><strong>Cisternas MF<\/strong>, Rios&nbsp;RS, Salgado-Luarte C, Gianoli E (2024) Larval gregariousness in Papilionidae is more prevalent outside the tropics. Biological Journal of the Linnean Society, 4.&nbsp;<a href=\"https:\/\/doi.org\/10.1093\/biolinnean\/blae044\" target=\"_blank\" rel=\"noreferrer noopener\">https:\/\/doi.org\/10.1093\/biolinnean\/blae044<\/a><\/p>\n\n\n\n<p><strong>Cisternas MF<\/strong>, Rios RS, Gianoli E (2022) Gregarious caterpillars shorten their larval development time in response&nbsp;to simulated predation threat. Ecological Entomology, 5: 906-910.&nbsp;<a href=\"https:\/\/doi.org\/10.1111\/een.13178\" target=\"_blank\" rel=\"noreferrer noopener\">https:\/\/doi.org\/10.1111\/een.13178<\/a><\/p>\n\n\n\n<p><strong>Cisternas MF<\/strong>, Escobedo VM, Rios RS, Gianoli E (2020) Gregariousness affects performance and defensive reactions in swallowtail caterpillars. Ecological&nbsp;Entomology, 6: 1428-1436.&nbsp;<a href=\"https:\/\/doi.org\/10.1111\/een.12927\" target=\"_blank\" rel=\"noreferrer noopener\">https:\/\/doi.org\/10.1111\/een.12927<\/a><\/p>\n<\/details>\n<\/div><\/div>\n\n\n\n<hr class=\"wp-block-separator aligncenter has-alpha-channel-opacity\"\/>\n\n\n\n<p><\/p>\n","protected":false},"excerpt":{"rendered":"<p>Perfil de egresado Los egresados del programa de Doctorado en Ciencias Biol\u00f3gicas, menci\u00f3n Ecolog\u00eda de Zonas \u00c1ridas, ser\u00e1n investigadores vers\u00e1tiles,<\/p>\n","protected":false},"author":1,"featured_media":0,"parent":0,"menu_order":0,"comment_status":"closed","ping_status":"closed","template":"","meta":{"colormag_page_layout":"default_layout","footnotes":""},"class_list":["post-154","page","type-page","status-publish","hentry"],"_links":{"self":[{"href":"http:\/\/www.dr-eza.cl\/index.php?rest_route=\/wp\/v2\/pages\/154","targetHints":{"allow":["GET"]}}],"collection":[{"href":"http:\/\/www.dr-eza.cl\/index.php?rest_route=\/wp\/v2\/pages"}],"about":[{"href":"http:\/\/www.dr-eza.cl\/index.php?rest_route=\/wp\/v2\/types\/page"}],"author":[{"embeddable":true,"href":"http:\/\/www.dr-eza.cl\/index.php?rest_route=\/wp\/v2\/users\/1"}],"replies":[{"embeddable":true,"href":"http:\/\/www.dr-eza.cl\/index.php?rest_route=%2Fwp%2Fv2%2Fcomments&post=154"}],"version-history":[{"count":35,"href":"http:\/\/www.dr-eza.cl\/index.php?rest_route=\/wp\/v2\/pages\/154\/revisions"}],"predecessor-version":[{"id":336,"href":"http:\/\/www.dr-eza.cl\/index.php?rest_route=\/wp\/v2\/pages\/154\/revisions\/336"}],"wp:attachment":[{"href":"http:\/\/www.dr-eza.cl\/index.php?rest_route=%2Fwp%2Fv2%2Fmedia&parent=154"}],"curies":[{"name":"wp","href":"https:\/\/api.w.org\/{rel}","templated":true}]}}