{"id":182,"date":"2025-07-09T01:31:52","date_gmt":"2025-07-09T04:31:52","guid":{"rendered":"http:\/\/www.dr-eza.cl\/?page_id=182"},"modified":"2025-09-11T15:25:59","modified_gmt":"2025-09-11T18:25:59","slug":"contactos","status":"publish","type":"page","link":"http:\/\/www.dr-eza.cl\/?page_id=182","title":{"rendered":"Contactos"},"content":{"rendered":"\n<p><\/p>\n\n\n\n<div class=\"wp-block-group is-nowrap is-layout-flex wp-container-core-group-is-layout-6c531013 wp-block-group-is-layout-flex\">\n<figure class=\"wp-block-image size-full\"><img loading=\"lazy\" decoding=\"async\" width=\"197\" height=\"202\" src=\"http:\/\/www.dr-eza.cl\/wp-content\/uploads\/2025\/09\/damaris-01.png\" alt=\"\" class=\"wp-image-318\"\/><\/figure>\n\n\n\n<details class=\"wp-block-details is-layout-flow wp-block-details-is-layout-flow\"><summary><strong>Deyanira<\/strong><br>Secretaria<\/summary>\n<p>Programa de Doctorado en Ciencias Biol\u00f3gicas, menci\u00f3n Ecolog\u00eda de Zonas \u00c1ridas<br>E-mail: <a href=\"mailto:deza@userena.cl\" target=\"_blank\" rel=\"noreferrer noopener\">deza@userena.cl<\/a><br>Pagina Web: <a href=\"http:\/\/www.dr-eza.cl\">www.dr-eza.cl<\/a> <br>Fono: +56 51 2334637<\/p>\n<\/details>\n<\/div>\n\n\n\n<hr class=\"wp-block-separator has-alpha-channel-opacity\"\/>\n\n\n\n<div class=\"wp-block-group is-nowrap is-layout-flex wp-container-core-group-is-layout-6c531013 wp-block-group-is-layout-flex\">\n<figure class=\"wp-block-image size-full\"><img loading=\"lazy\" decoding=\"async\" width=\"197\" height=\"202\" src=\"http:\/\/www.dr-eza.cl\/wp-content\/uploads\/2025\/07\/Angie_Montenegro.png\" alt=\"\" class=\"wp-image-51\"\/><\/figure>\n\n\n\n<details class=\"wp-block-details is-layout-flow wp-block-details-is-layout-flow\"><summary><strong>Angie Montenego Hoyos<\/strong><br>Representante de los estudiantes del Doctorado EZA<\/summary>\n<p>E-mail: <br>Pagina Web: <a href=\"http:\/\/www.dr-eza.cl\">www.dr-eza.cl<\/a><\/p>\n<\/details>\n<\/div>\n\n\n\n<hr class=\"wp-block-separator has-alpha-channel-opacity\"\/>\n\n\n\n<!--more Mapa de Ubicaci\u00f3n-->\n\n\n\n<p><br><br><br><br><iframe loading=\"lazy\" src=\"https:\/\/www.google.com\/maps\/d\/embed?mid=1S5uowdP-4BTyAe96XRSkbwMaNLnkSKXl\" width=\"640\" height=\"480\"><\/iframe><\/p>\n\n\n\n<h2 class=\"wp-block-heading\"><\/h2>\n","protected":false},"excerpt":{"rendered":"","protected":false},"author":1,"featured_media":0,"parent":0,"menu_order":0,"comment_status":"closed","ping_status":"closed","template":"","meta":{"colormag_page_layout":"default_layout","footnotes":""},"class_list":["post-182","page","type-page","status-publish","hentry"],"_links":{"self":[{"href":"http:\/\/www.dr-eza.cl\/index.php?rest_route=\/wp\/v2\/pages\/182","targetHints":{"allow":["GET"]}}],"collection":[{"href":"http:\/\/www.dr-eza.cl\/index.php?rest_route=\/wp\/v2\/pages"}],"about":[{"href":"http:\/\/www.dr-eza.cl\/index.php?rest_route=\/wp\/v2\/types\/page"}],"author":[{"embeddable":true,"href":"http:\/\/www.dr-eza.cl\/index.php?rest_route=\/wp\/v2\/users\/1"}],"replies":[{"embeddable":true,"href":"http:\/\/www.dr-eza.cl\/index.php?rest_route=%2Fwp%2Fv2%2Fcomments&post=182"}],"version-history":[{"count":5,"href":"http:\/\/www.dr-eza.cl\/index.php?rest_route=\/wp\/v2\/pages\/182\/revisions"}],"predecessor-version":[{"id":324,"href":"http:\/\/www.dr-eza.cl\/index.php?rest_route=\/wp\/v2\/pages\/182\/revisions\/324"}],"wp:attachment":[{"href":"http:\/\/www.dr-eza.cl\/index.php?rest_route=%2Fwp%2Fv2%2Fmedia&parent=182"}],"curies":[{"name":"wp","href":"https:\/\/api.w.org\/{rel}","templated":true}]}}