{"id":358,"date":"2025-09-12T23:26:12","date_gmt":"2025-09-13T02:26:12","guid":{"rendered":"http:\/\/www.dr-eza.cl\/?page_id=358"},"modified":"2025-09-22T13:53:22","modified_gmt":"2025-09-22T16:53:22","slug":"admision","status":"publish","type":"page","link":"http:\/\/www.dr-eza.cl\/?page_id=358","title":{"rendered":"Admisi\u00f3n"},"content":{"rendered":"\n<figure class=\"wp-block-image aligncenter size-large is-resized\"><a href=\"https:\/\/vipuls.userena.cl\/es\/postgrado\/programas\/doctorado\/eza\/\"><img loading=\"lazy\" decoding=\"async\" width=\"1024\" height=\"432\" src=\"http:\/\/www.dr-eza.cl\/wp-content\/uploads\/2025\/09\/ciencias_biologicas_2025-1024x432.jpg\" alt=\"\" class=\"wp-image-371\" style=\"width:713px;height:auto\" srcset=\"http:\/\/www.dr-eza.cl\/wp-content\/uploads\/2025\/09\/ciencias_biologicas_2025-1024x432.jpg 1024w, http:\/\/www.dr-eza.cl\/wp-content\/uploads\/2025\/09\/ciencias_biologicas_2025-300x126.jpg 300w, http:\/\/www.dr-eza.cl\/wp-content\/uploads\/2025\/09\/ciencias_biologicas_2025-768x324.jpg 768w, http:\/\/www.dr-eza.cl\/wp-content\/uploads\/2025\/09\/ciencias_biologicas_2025-1536x647.jpg 1536w, http:\/\/www.dr-eza.cl\/wp-content\/uploads\/2025\/09\/ciencias_biologicas_2025-2048x863.jpg 2048w\" sizes=\"auto, (max-width: 1024px) 100vw, 1024px\" \/><\/a><\/figure>\n\n\n\n<hr class=\"wp-block-separator aligncenter has-alpha-channel-opacity\"\/>\n\n\n\n<p class=\"has-text-align-center\"> <a href=\"https:\/\/vipuls.userena.cl\/es\/postgrado\/programas\/doctorado\/eza\/\">Postular Aqu\u00ed<\/a><\/p>\n\n\n\n<hr class=\"wp-block-separator aligncenter has-alpha-channel-opacity\"\/>\n\n\n\n<p>Documentos\u00a0\u00a0en formato\u00a0\u00a0digital Necesarios:<\/p>\n\n\n\n<ul class=\"wp-block-list\">\n<li>Carta de intenci\u00f3n, justificando su decisi\u00f3n de postular al Programa e indicando su \u00e1rea de especializaci\u00f3n, tem\u00e1ticas de inter\u00e9s y planes futuros.<\/li>\n\n\n\n<li>Certificados de t\u00edtulos\/grados y de notas de pre\/postgrado (copia simple)<\/li>\n\n\n\n<li><em>Curr\u00edculum vitae<\/em>&nbsp;detallado<\/li>\n\n\n\n<li>Carta de compromiso de tutor\u00eda firmada por un acad\u00e9mico perteneciente al Claustro de Directores de Tesis del Programa<\/li>\n\n\n\n<li>2 Cartas de recomendaci\u00f3n seg\u00fan el formato de becas CONICYT (pueden ser enviadas por el postulante o directamente por el remitente)<\/li>\n\n\n\n<li>Certificado de ranking de egreso<\/li>\n<\/ul>\n\n\n\n<p>Los postulantes deben rendir un examen escrito, elaborado por el Comit\u00e9 Acad\u00e9mico, el que eval\u00faa conocimientos generales de ecolog\u00eda, aptitud acad\u00e9mica, y capacidad de an\u00e1lisis de textos escritos en ingl\u00e9s.<\/p>\n\n\n\n<p>Los postulantes deben asistir a una entrevista personal con el Comit\u00e9 Acad\u00e9mico, la que puede ser v\u00eda conexi\u00f3n remota.<\/p>\n\n\n\n<p>La pauta de evaluaci\u00f3n cuantitativa de todos los elementos del proceso de admisi\u00f3n y selecci\u00f3n, incluyendo su ponderaci\u00f3n (<a href=\"http:\/\/www.dr-eza.cl\/wp-content\/uploads\/2025\/09\/PautaEvaluacion2025.pdf\" target=\"_blank\" rel=\"noreferrer noopener\">pauta de evaluaci\u00f3n<\/a>).<\/p>\n\n\n\n<p>Consultas al correo:\u00a0<a href=\"mailto:deza@userena.cl\" target=\"_blank\" rel=\"noreferrer noopener\">deza@userena.cl<\/a>\u00a0<\/p>\n\n\n\n<p><\/p>\n","protected":false},"excerpt":{"rendered":"<p>Postular Aqu\u00ed Documentos\u00a0\u00a0en formato\u00a0\u00a0digital Necesarios: Los postulantes deben rendir un examen escrito, elaborado por el Comit\u00e9 Acad\u00e9mico, el que eval\u00faa<\/p>\n","protected":false},"author":1,"featured_media":0,"parent":0,"menu_order":0,"comment_status":"closed","ping_status":"closed","template":"","meta":{"colormag_page_layout":"default_layout","footnotes":""},"class_list":["post-358","page","type-page","status-publish","hentry"],"_links":{"self":[{"href":"http:\/\/www.dr-eza.cl\/index.php?rest_route=\/wp\/v2\/pages\/358","targetHints":{"allow":["GET"]}}],"collection":[{"href":"http:\/\/www.dr-eza.cl\/index.php?rest_route=\/wp\/v2\/pages"}],"about":[{"href":"http:\/\/www.dr-eza.cl\/index.php?rest_route=\/wp\/v2\/types\/page"}],"author":[{"embeddable":true,"href":"http:\/\/www.dr-eza.cl\/index.php?rest_route=\/wp\/v2\/users\/1"}],"replies":[{"embeddable":true,"href":"http:\/\/www.dr-eza.cl\/index.php?rest_route=%2Fwp%2Fv2%2Fcomments&post=358"}],"version-history":[{"count":9,"href":"http:\/\/www.dr-eza.cl\/index.php?rest_route=\/wp\/v2\/pages\/358\/revisions"}],"predecessor-version":[{"id":377,"href":"http:\/\/www.dr-eza.cl\/index.php?rest_route=\/wp\/v2\/pages\/358\/revisions\/377"}],"wp:attachment":[{"href":"http:\/\/www.dr-eza.cl\/index.php?rest_route=%2Fwp%2Fv2%2Fmedia&parent=358"}],"curies":[{"name":"wp","href":"https:\/\/api.w.org\/{rel}","templated":true}]}}